{"id":3189,"date":"2025-05-22T21:35:55","date_gmt":"2025-05-22T19:35:55","guid":{"rendered":"https:\/\/doublestreet.nl\/?page_id=3189"},"modified":"2025-08-01T17:16:40","modified_gmt":"2025-08-01T15:16:40","slug":"verzekering","status":"publish","type":"page","link":"https:\/\/doublestreet.nl\/en\/verzekering\/","title":{"rendered":"Verzekering"},"content":{"rendered":"<div data-elementor-type=\"wp-page\" data-elementor-id=\"3189\" class=\"elementor elementor-3189\" data-elementor-post-type=\"page\">\n\t\t\t\t<div class=\"elementor-element elementor-element-fe93f9a e-flex e-con-boxed e-con e-parent\" data-id=\"fe93f9a\" data-element_type=\"container\" data-settings=\"{&quot;background_background&quot;:&quot;classic&quot;,&quot;jet_parallax_layout_list&quot;:[],&quot;shape_divider_bottom&quot;:&quot;tilt&quot;}\">\n\t\t\t\t\t<div class=\"e-con-inner\">\n\t\t\t\t<div class=\"elementor-shape elementor-shape-bottom\" data-negative=\"false\">\n\t\t\t<svg xmlns=\"http:\/\/www.w3.org\/2000\/svg\" viewbox=\"0 0 1000 100\" preserveaspectratio=\"none\">\n\t<path class=\"elementor-shape-fill\" d=\"M0,6V0h1000v100L0,6z\"\/>\n<\/svg>\t\t<\/div>\n\t\t\t\t<div class=\"elementor-element elementor-element-8583a12 elementor-widget elementor-widget-heading\" data-id=\"8583a12\" data-element_type=\"widget\" data-widget_type=\"heading.default\">\n\t\t\t\t<div class=\"elementor-widget-container\">\n\t\t\t\t\t<h2 class=\"elementor-heading-title elementor-size-default\">The breed<\/h2>\t\t\t\t<\/div>\n\t\t\t\t<\/div>\n\t\t\t\t<div class=\"elementor-element elementor-element-6535d23 elementor-widget elementor-widget-heading\" data-id=\"6535d23\" data-element_type=\"widget\" data-widget_type=\"heading.default\">\n\t\t\t\t<div class=\"elementor-widget-container\">\n\t\t\t\t\t<h2 class=\"elementor-heading-title elementor-size-default\">Verzekering<\/h2>\t\t\t\t<\/div>\n\t\t\t\t<\/div>\n\t\t\t\t<div class=\"elementor-element elementor-element-419d7fe elementor-align-left elementor-widget elementor-widget-button\" data-id=\"419d7fe\" data-element_type=\"widget\" data-widget_type=\"button.default\">\n\t\t\t\t<div class=\"elementor-widget-container\">\n\t\t\t\t\t\t\t\t\t<div class=\"elementor-button-wrapper\">\n\t\t\t\t\t<a class=\"elementor-button elementor-button-link elementor-size-sm\" href=\"https:\/\/doublestreet.nl\/en\/contact\/\">\n\t\t\t\t\t\t<span class=\"elementor-button-content-wrapper\">\n\t\t\t\t\t\t\t\t\t<span class=\"elementor-button-text\">Contact us<\/span>\n\t\t\t\t\t<\/span>\n\t\t\t\t\t<\/a>\n\t\t\t\t<\/div>\n\t\t\t\t\t\t\t\t<\/div>\n\t\t\t\t<\/div>\n\t\t\t\t\t<\/div>\n\t\t\t\t<\/div>\n\t\t<div class=\"elementor-element elementor-element-da1b549 e-flex e-con-boxed e-con e-parent\" data-id=\"da1b549\" data-element_type=\"container\" data-settings=\"{&quot;jet_parallax_layout_list&quot;:[]}\">\n\t\t\t\t\t<div class=\"e-con-inner\">\n\t\t<div class=\"elementor-element elementor-element-cafd747 e-con-full e-flex e-con e-child\" data-id=\"cafd747\" data-element_type=\"container\" data-settings=\"{&quot;jet_parallax_layout_list&quot;:[]}\">\n\t\t\t\t<div class=\"elementor-element elementor-element-5f012b2 elementor-widget elementor-widget-text-editor\" data-id=\"5f012b2\" data-element_type=\"widget\" data-widget_type=\"text-editor.default\">\n\t\t\t\t<div class=\"elementor-widget-container\">\n\t\t\t\t\t\t\t\t\t<p>Bij DoubleStreet vinden we het belangrijk dat elke pup gezond, veilig en vol vertrouwen aan een nieuw leven begint. Daarom zijn wij trotse partner van FIGO, een van de meest betrouwbare aanbieders van huisdierenverzekeringen in Nederland.<\/p><p>Als extra service voor onze pupkopers zorgen wij ervoor dat elke pup die ons nest verlaat automatisch \u00e9\u00e9n maand gratis verzekerd is via FIGO. Zo is jouw pup direct beschermd tegen onverwachte medische kosten, vanaf het eerste moment dat hij of zij bij jou in huis komt.<\/p><p>Deze gratis dekking is volledig vrijblijvend en bedoeld om jou als nieuwe eigenaar wat extra zekerheid te geven in de eerste, vaak spannende weken.<br \/><br \/><strong>Onverwachte kosten komen vaker voor dan je denkt<br \/><\/strong>Een dierenverzekering is geen overbodige luxe. Of het nu gaat om een valpartij, een infectie of een aangeboren aandoening: medische behandelingen kunnen flink in de papieren lopen. Denk aan consulten, medicatie, r\u00f6ntgenfoto\u2019s of zelfs operaties. Deze kosten kunnen ongemerkt oplopen tot honderden of duizenden euro\u2019s.<\/p><p>Met een dierenverzekering hoef je je geen zorgen te maken over de financi\u00eble kant van zorg. Je kunt je volledig richten op wat echt belangrijk is: de gezondheid en het welzijn van je pup.<br \/><br \/><strong>Wat dekt een dierenverzekering<br \/><\/strong>Afhankelijk van het gekozen pakket biedt een verzekering via FIGO dekking voor o.a.<\/p><ul><li>Consulten bij de dierenarts<\/li><li>Medicatie<\/li><li>Diagnostisch onderzoek (bloedonderzoek, echo\u2019s, r\u00f6ntgenfoto\u2019s)<\/li><li>Operaties en nazorg<\/li><li>Spoedgevallen<\/li><li>Eventueel aanvullende dekkingen zoals gebitszorg of fysiotherapie<\/li><\/ul><p><br \/><strong>Geen bindend advies, wel transparantie<br \/><\/strong>Als fokker kunnen \u00e9n mogen wij geen bindend financieel advies geven over het wel of niet afsluiten van een verzekering. Ieders financi\u00eble situatie is immers anders, en alleen jij kunt bepalen wat verstandig is in jouw geval. Wat we w\u00e9l kunnen doen, is je de mogelijkheid bieden om het zelf te ervaren \u2014 via de gratis eerste maand van FIGO.<\/p>\t\t\t\t\t\t\t\t<\/div>\n\t\t\t\t<\/div>\n\t\t\t\t<div class=\"elementor-element elementor-element-1e208dc elementor-align-left elementor-widget elementor-widget-button\" data-id=\"1e208dc\" data-element_type=\"widget\" data-widget_type=\"button.default\">\n\t\t\t\t<div class=\"elementor-widget-container\">\n\t\t\t\t\t\t\t\t\t<div class=\"elementor-button-wrapper\">\n\t\t\t\t\t<a class=\"elementor-button elementor-button-link elementor-size-sm\" href=\"https:\/\/doublestreet.nl\/en\/contact\/\">\n\t\t\t\t\t\t<span class=\"elementor-button-content-wrapper\">\n\t\t\t\t\t\t\t\t\t<span class=\"elementor-button-text\">Contact us<\/span>\n\t\t\t\t\t<\/span>\n\t\t\t\t\t<\/a>\n\t\t\t\t<\/div>\n\t\t\t\t\t\t\t\t<\/div>\n\t\t\t\t<\/div>\n\t\t\t\t<\/div>\n\t\t\t\t\t<\/div>\n\t\t\t\t<\/div>\n\t\t\t\t<\/div>","protected":false},"excerpt":{"rendered":"<p>Het ras Verzekering Contact opnemen Bij DoubleStreet vinden we het belangrijk dat elke pup gezond, veilig en vol vertrouwen aan een nieuw leven begint. Daarom zijn wij trotse partner van FIGO, een van de meest betrouwbare aanbieders van huisdierenverzekeringen in Nederland. Als extra service voor onze pupkopers zorgen wij ervoor dat elke pup die ons [&hellip;]<\/p>","protected":false},"author":2,"featured_media":0,"parent":0,"menu_order":0,"comment_status":"closed","ping_status":"closed","template":"elementor_header_footer","meta":{"footnotes":""},"class_list":["post-3189","page","type-page","status-publish","hentry"],"_links":{"self":[{"href":"https:\/\/doublestreet.nl\/en\/wp-json\/wp\/v2\/pages\/3189","targetHints":{"allow":["GET"]}}],"collection":[{"href":"https:\/\/doublestreet.nl\/en\/wp-json\/wp\/v2\/pages"}],"about":[{"href":"https:\/\/doublestreet.nl\/en\/wp-json\/wp\/v2\/types\/page"}],"author":[{"embeddable":true,"href":"https:\/\/doublestreet.nl\/en\/wp-json\/wp\/v2\/users\/2"}],"replies":[{"embeddable":true,"href":"https:\/\/doublestreet.nl\/en\/wp-json\/wp\/v2\/comments?post=3189"}],"version-history":[{"count":12,"href":"https:\/\/doublestreet.nl\/en\/wp-json\/wp\/v2\/pages\/3189\/revisions"}],"predecessor-version":[{"id":3437,"href":"https:\/\/doublestreet.nl\/en\/wp-json\/wp\/v2\/pages\/3189\/revisions\/3437"}],"wp:attachment":[{"href":"https:\/\/doublestreet.nl\/en\/wp-json\/wp\/v2\/media?parent=3189"}],"curies":[{"name":"wp","href":"https:\/\/api.w.org\/{rel}","templated":true}]}}